{"id":264,"date":"2023-08-31T10:38:55","date_gmt":"2023-08-31T13:38:55","guid":{"rendered":"http:\/\/webapp389041.ip-198-58-123-167.cloudezapp.io\/extensao\/?page_id=264"},"modified":"2025-05-14T15:21:33","modified_gmt":"2025-05-14T18:21:33","slug":"contato","status":"publish","type":"page","link":"https:\/\/faculdadesalvadorarena.org.br\/extensao\/contato\/","title":{"rendered":"Contato"},"content":{"rendered":"\n<p>Qualquer d\u00favida sobre os Projetos de Extens\u00e3o, entre em contato com os professores:<br><br>\u2022 <strong>D\u00favidas do curso de Administra\u00e7\u00e3o<\/strong><br>Prof. Manoel Garcia Neto<br><br>\u2022 <strong>D\u00favidas do curso de Engenharia de Alimentos<\/strong><br>Prof\u00aa. Catia Palma de Moura Almeida<br><br>\u2022 <strong>D\u00favidas do curso de Engenharia de Computa\u00e7\u00e3o<\/strong><br>Prof. Carlos Enrique Lopez Noriega<br><br>\u2022 <strong>D\u00favidas do curso de Engenharia de Controle e Automa\u00e7\u00e3o<\/strong><br>Prof. Elias Kento Tomiyama<br><br>&#8212;&#8212;&#8212;&#8212;&#8212;&#8212;&#8212;&#8212;&#8212;&#8212;&#8212;&#8212;&#8212;&#8212;&#8212;&#8212;&#8212;&#8212;&#8212;&#8212;&#8212;&#8212;&#8212;&#8212;&#8212;&#8212;&#8212;&#8212;&#8212;&#8212;&#8212;&#8212;&#8212;&#8212;&#8212;&#8212;&#8212;&#8212;&#8212;<br><br>D\u00favidas gerais dever\u00e3o ser encaminhadas ao e-mail: faculdadeextensao@cefsa.edu.br<\/p>\n\n\n\n<div style=\"height:20px\" aria-hidden=\"true\" class=\"wp-block-spacer\"><\/div>\n\n\n\n<p><\/p>\n","protected":false},"excerpt":{"rendered":"<p>Qualquer d\u00favida sobre os Projetos de Extens\u00e3o, entre em contato com os professores: \u2022 D\u00favidas do curso de Administra\u00e7\u00e3oProf. Manoel Garcia Neto \u2022 D\u00favidas do curso de Engenharia de AlimentosProf\u00aa. Catia Palma de Moura Almeida \u2022 D\u00favidas do curso de Engenharia de Computa\u00e7\u00e3oProf. Carlos Enrique Lopez Noriega \u2022 D\u00favidas do curso de Engenharia de Controle [&hellip;]<\/p>\n","protected":false},"author":1,"featured_media":0,"parent":0,"menu_order":0,"comment_status":"closed","ping_status":"closed","template":"","meta":{"_acf_changed":false,"footnotes":""},"class_list":["post-264","page","type-page","status-publish","hentry"],"acf":[],"_links":{"self":[{"href":"https:\/\/faculdadesalvadorarena.org.br\/extensao\/wp-json\/wp\/v2\/pages\/264","targetHints":{"allow":["GET"]}}],"collection":[{"href":"https:\/\/faculdadesalvadorarena.org.br\/extensao\/wp-json\/wp\/v2\/pages"}],"about":[{"href":"https:\/\/faculdadesalvadorarena.org.br\/extensao\/wp-json\/wp\/v2\/types\/page"}],"author":[{"embeddable":true,"href":"https:\/\/faculdadesalvadorarena.org.br\/extensao\/wp-json\/wp\/v2\/users\/1"}],"replies":[{"embeddable":true,"href":"https:\/\/faculdadesalvadorarena.org.br\/extensao\/wp-json\/wp\/v2\/comments?post=264"}],"version-history":[{"count":0,"href":"https:\/\/faculdadesalvadorarena.org.br\/extensao\/wp-json\/wp\/v2\/pages\/264\/revisions"}],"wp:attachment":[{"href":"https:\/\/faculdadesalvadorarena.org.br\/extensao\/wp-json\/wp\/v2\/media?parent=264"}],"curies":[{"name":"wp","href":"https:\/\/api.w.org\/{rel}","templated":true}]}}