{"id":299,"date":"2023-10-10T09:40:51","date_gmt":"2023-10-10T12:40:51","guid":{"rendered":"http:\/\/webapp389041.ip-198-58-123-167.cloudezapp.io\/extensao\/?page_id=299"},"modified":"2023-10-10T10:06:12","modified_gmt":"2023-10-10T13:06:12","slug":"resultado","status":"publish","type":"page","link":"https:\/\/faculdadesalvadorarena.org.br\/extensao\/resultado\/","title":{"rendered":"Resultado"},"content":{"rendered":"\n<div class=\"wp-block-columns alignwide is-layout-flex wp-container-core-columns-is-layout-28f84493 wp-block-columns-is-layout-flex\">\n<div class=\"wp-block-column is-layout-flow wp-block-column-is-layout-flow\">\n<p>Ap\u00f3s a submiss\u00e3o de um projeto via formul\u00e1rio de <a rel=\"noreferrer noopener\" href=\"http:\/\/webapp389041.ip-198-58-123-167.cloudezapp.io\/extensao\/enviar-projetos\/submissao-de-atividade\/\" target=\"_blank\">Submiss\u00e3o de Atividade<\/a>, aqui no site, o aluno deve aguardar o retorno da aprova\u00e7\u00e3o por e-mail, para uma posterior an\u00e1lise e avalia\u00e7\u00e3o, para inclus\u00e3o no site de Extens\u00e3o Universit\u00e1ria.<\/p>\n\n\n\n<p>Caso seja aprovado tamb\u00e9m pelo Comit\u00ea de Extens\u00e3o Universit\u00e1ria, o projeto ser\u00e1 disponibilizado para consulta p\u00fablica, no site.<br><br>Lembre-se, antes de submeter um projeto, leia atentamente o <a href=\"http:\/\/webapp389041.ip-198-58-123-167.cloudezapp.io\/extensao\/wp-content\/uploads\/2023\/07\/Regulamento-de-Extensao-Universitaria-Cursos-Bacharelados.pdf\" target=\"_blank\" rel=\"noreferrer noopener\">Regulamento de Extens\u00e3o Universit\u00e1ria<\/a>.<\/p>\n<\/div>\n<\/div>\n\n\n\n<div style=\"height:100px\" aria-hidden=\"true\" class=\"wp-block-spacer\"><\/div>\n\n\n\n<div class=\"wp-block-buttons is-layout-flex wp-block-buttons-is-layout-flex\">\n<div class=\"wp-block-button has-custom-width wp-block-button__width-100\"><a class=\"wp-block-button__link wp-element-button\" href=\"http:\/\/webapp389041.ip-198-58-123-167.cloudezapp.io\/extensao\/enviar-projetos\/\" style=\"padding-top:var(--wp--preset--spacing--60);padding-right:0;padding-bottom:var(--wp--preset--spacing--60);padding-left:0\"><strong>QUER ENVIAR UM PROJETO?<\/strong><br>Clique aqui e confira as informa\u00e7\u00f5es completas para envio.<\/a><\/div>\n<\/div>\n\n\n\n<div style=\"height:100px\" aria-hidden=\"true\" class=\"wp-block-spacer\"><\/div>\n","protected":false},"excerpt":{"rendered":"<p>Ap\u00f3s a submiss\u00e3o de um projeto via formul\u00e1rio de Submiss\u00e3o de Atividade, aqui no site, o aluno deve aguardar o retorno da aprova\u00e7\u00e3o por e-mail, para uma posterior an\u00e1lise e avalia\u00e7\u00e3o, para inclus\u00e3o no site de Extens\u00e3o Universit\u00e1ria. Caso seja aprovado tamb\u00e9m pelo Comit\u00ea de Extens\u00e3o Universit\u00e1ria, o projeto ser\u00e1 disponibilizado para consulta p\u00fablica, no [&hellip;]<\/p>\n","protected":false},"author":1,"featured_media":0,"parent":0,"menu_order":0,"comment_status":"closed","ping_status":"closed","template":"","meta":{"_acf_changed":false,"footnotes":""},"class_list":["post-299","page","type-page","status-publish","hentry"],"acf":[],"_links":{"self":[{"href":"https:\/\/faculdadesalvadorarena.org.br\/extensao\/wp-json\/wp\/v2\/pages\/299","targetHints":{"allow":["GET"]}}],"collection":[{"href":"https:\/\/faculdadesalvadorarena.org.br\/extensao\/wp-json\/wp\/v2\/pages"}],"about":[{"href":"https:\/\/faculdadesalvadorarena.org.br\/extensao\/wp-json\/wp\/v2\/types\/page"}],"author":[{"embeddable":true,"href":"https:\/\/faculdadesalvadorarena.org.br\/extensao\/wp-json\/wp\/v2\/users\/1"}],"replies":[{"embeddable":true,"href":"https:\/\/faculdadesalvadorarena.org.br\/extensao\/wp-json\/wp\/v2\/comments?post=299"}],"version-history":[{"count":0,"href":"https:\/\/faculdadesalvadorarena.org.br\/extensao\/wp-json\/wp\/v2\/pages\/299\/revisions"}],"wp:attachment":[{"href":"https:\/\/faculdadesalvadorarena.org.br\/extensao\/wp-json\/wp\/v2\/media?parent=299"}],"curies":[{"name":"wp","href":"https:\/\/api.w.org\/{rel}","templated":true}]}}