{"id":360,"date":"2024-07-10T09:11:46","date_gmt":"2024-07-10T12:11:46","guid":{"rendered":"http:\/\/webapp389041.ip-198-58-123-167.cloudezapp.io\/extensao\/?page_id=360"},"modified":"2026-01-06T16:46:13","modified_gmt":"2026-01-06T19:46:13","slug":"links-uteis","status":"publish","type":"page","link":"https:\/\/faculdadesalvadorarena.org.br\/extensao\/links-uteis\/","title":{"rendered":"Links \u00dateis"},"content":{"rendered":"\n<p>As comprova\u00e7\u00f5es devem ser enviadas pelo <a href=\"https:\/\/aluno.cefsa.edu.br\/\" data-type=\"link\" data-id=\"https:\/\/aluno.cefsa.edu.br\/\" target=\"_blank\" rel=\"noreferrer noopener\">Portal do Aluno<\/a>, acessando a op\u00e7\u00e3o &#8216;Acesso R\u00e1pido&#8217; &gt; &#8216;Extens\u00e3o Universit\u00e1ria&#8217; e clicando em &#8216;Novo&#8217;, para que sejam analisadas pelo Comit\u00ea de Extens\u00e3o Universit\u00e1ria.<\/p>\n\n\n\n<p>O Formul\u00e1rio de Submiss\u00e3o pode ser enviado de forma eletr\u00f4nica pelo site de extens\u00e3o (<a href=\"https:\/\/faculdadesalvadorarena.org.br\/extensao\/enviar-projetos\/submissao-de-atividade\/\" data-type=\"link\" data-id=\"https:\/\/faculdadesalvadorarena.org.br\/extensao\/enviar-projetos\/submissao-de-atividade\/\">clique aqui<\/a>).<\/p>\n\n\n\n<p>Confira abaixo algumas inscri\u00e7\u00f5es dispon\u00edveis:<\/p>\n\n\n\n<p><\/p>\n\n\n\n<div style=\"height:20px\" aria-hidden=\"true\" class=\"wp-block-spacer\"><\/div>\n\n\n\n<p><strong>\u2022 Dicas e Estrat\u00e9gias para Cumprimento de Horas de Extens\u00e3o<\/strong><br><a href=\"https:\/\/cefsaedu-my.sharepoint.com\/:b:\/g\/personal\/ccheruti_cefsa_edu_br\/EevPAPjbGlJCgpAj1jyqlH8BuDdGrVaR7oiQLDyhLOQVzg?e=WLLKir\" target=\"_blank\" rel=\"noreferrer noopener\">Clique aqui<\/a>!<\/p>\n\n\n\n<p><\/p>\n\n\n\n<p><strong>\u2022 Participa\u00e7\u00e3o em Feiras de Vestibulares &nbsp;<\/strong><br><a href=\"https:\/\/forms.office.com\/r\/zPLnX6JTxE\" target=\"_blank\" rel=\"noreferrer noopener\">Clique aqui e inscreva-se!<\/a><br><em>Aguarde o contato para confirma\u00e7\u00e3o.<\/em><\/p>\n\n\n\n<p><\/p>\n\n\n\n<p><strong>\u2022 Cartilha do Projeto de Vida e Carreira <\/strong><br>Voc\u00ea poder\u00e1 realizar a aplica\u00e7\u00e3o e divulga\u00e7\u00e3o em diversos locais.<br><a href=\"https:\/\/cefsaedu-my.sharepoint.com\/:b:\/g\/personal\/ccheruti_cefsa_edu_br\/EV0FAJCeUmVFk5P_XH0VZaMBRlCZ__k_1UipuU-EpjkCFw?e=ttEegP\" target=\"_blank\" rel=\"noreferrer noopener\">Clique aqui e acesse a Cartilha para divulga\u00e7\u00e3o<\/a>!<br><em>Necess\u00e1rio Formul\u00e1rio de Submiss\u00e3o.<\/em><\/p>\n\n\n\n<p><\/p>\n\n\n\n<p>\u2022 <strong>Artigo Cient\u00edfico no SIMAC 2026<\/strong><br><a href=\"https:\/\/www.faculdadesalvadorarena.org.br\/simac\/\" data-type=\"link\" data-id=\"https:\/\/www.faculdadesalvadorarena.org.br\/simac\/\">Clique aqui e inscreva-se!<\/a><br><em>Artigos dever\u00e3o ser Aprovados e Apresentados pela Comiss\u00e3o do SIMAC.<\/em><\/p>\n\n\n\n<p><\/p>\n\n\n\n<p><strong>\u2022 Voluntariado Atados <\/strong><br><a href=\"https:\/\/www.atados.com.br\/\" data-type=\"link\" data-id=\"https:\/\/www.faculdadesalvadorarena.org.br\/simac\/\" target=\"_blank\" rel=\"noreferrer noopener\">Clique aqui e inscreva-se!<\/a><br><em>Necess\u00e1rio Formul\u00e1rio de Submiss\u00e3o e certificado de participa\u00e7\u00e3o.<\/em><\/p>\n\n\n\n<p><\/p>\n\n\n\n<p><strong>\u2022 Voluntariado Global na AIESEC <\/strong><br><a href=\"https:\/\/aiesec.org.br\/voluntarioglobal\/\" data-type=\"link\" data-id=\"https:\/\/www.faculdadesalvadorarena.org.br\/simac\/\" target=\"_blank\" rel=\"noreferrer noopener\">Clique aqui e inscreva-se!<\/a><br><em>Necess\u00e1rio Formul\u00e1rio de Submiss\u00e3o e certificado de participa\u00e7\u00e3o.<\/em><\/p>\n\n\n\n<p><\/p>\n\n\n\n<p>\u2022 <strong>Artigos no FTT Journal of Engineering and Business<\/strong><br><a href=\"https:\/\/saijournal.cefsa.org.br\/index.php\/FTT\/about\/submissions\" data-type=\"link\" data-id=\"https:\/\/www.faculdadesalvadorarena.org.br\/simac\/\" target=\"_blank\" rel=\"noreferrer noopener\">Clique aqui e inscreva-se<\/a><a href=\"https:\/\/aiesec.org.br\/voluntarioglobal\/\" data-type=\"link\" data-id=\"https:\/\/www.faculdadesalvadorarena.org.br\/simac\/\" target=\"_blank\" rel=\"noreferrer noopener\">!<\/a><br><em><em>Artigos dever\u00e3o ser aprovados pelo FTT Journal.<\/em><\/em><\/p>\n\n\n\n<p><\/p>\n\n\n\n<p>\u2022 <strong>Bootcamps <\/strong><br><a href=\"https:\/\/www.dio.me\/bootcamp\" data-type=\"link\" data-id=\"https:\/\/www.dio.me\/bootcamp\" target=\"_blank\" rel=\"noreferrer noopener\">Clique aqui e inscreva-se!<\/a><br><em><em>Necess\u00e1rio certificado de participa\u00e7\u00e3o.<\/em><\/em><\/p>\n\n\n\n<p><\/p>\n\n\n\n<p>\u2022 <strong>Voluntariado UNICEF<\/strong><br><a href=\"https:\/\/www.unicef.org\/brazil\/engajamento-e-participacao-dos-cidadaos\" data-type=\"link\" data-id=\"https:\/\/www.dio.me\/bootcamp\" target=\"_blank\" rel=\"noreferrer noopener\">Clique aqui e inscreva-se!<\/a><br><em><em>Necess\u00e1rio Formul\u00e1rio de Submiss\u00e3o e certificado de participa\u00e7\u00e3o.<\/em><\/em><\/p>\n\n\n\n<p><\/p>\n\n\n\n<p>\u2022 <strong>Voluntariado World Packers<\/strong><br><a href=\"https:\/\/www.worldpackers.com\/pt-BR\" data-type=\"link\" data-id=\"https:\/\/www.dio.me\/bootcamp\" target=\"_blank\" rel=\"noreferrer noopener\">Clique aqui e inscreva-se!<\/a><br><em><em>Necess\u00e1rio Formul\u00e1rio de Submiss\u00e3o e certificado de participa\u00e7\u00e3o.<\/em><\/em><\/p>\n\n\n\n<p><\/p>\n\n\n\n<p>\u2022 <strong>Voluntariado Instituto Acqua<\/strong><br><a href=\"https:\/\/institutoacqua.org.br\/sejaumvoluntario\/\" target=\"_blank\" rel=\"noreferrer noopener\">Clique aqui e inscreva-se!<\/a><br><em><em>Necess\u00e1rio Formul\u00e1rio de Submiss\u00e3o e certificado de participa\u00e7\u00e3o.<\/em><\/em><\/p>\n\n\n\n<p><\/p>\n\n\n\n<p>\u2022 <strong>Voluntariado Instituto J\u00f4 Clemente <\/strong><br><a href=\"https:\/\/ijc.org.br\/paginas\/seja-voluntario.aspx\" target=\"_blank\" rel=\"noreferrer noopener\">Clique aqui e inscreva-se!<\/a><br><em><em>Necess\u00e1rio Formul\u00e1rio de Submiss\u00e3o e certificado de participa\u00e7\u00e3o.<\/em><\/em><\/p>\n\n\n\n<p><\/p>\n\n\n\n<p>\u2022 <strong>Voluntariado Bem da Madrugada<\/strong><br><a href=\"https:\/\/www.atados.com.br\/ong\/bem-da-madrugada-1\/vagas\" target=\"_blank\" rel=\"noreferrer noopener\">Clique aqui e inscreva-se!<\/a><br><em><em>Necess\u00e1rio Formul\u00e1rio de Submiss\u00e3o e certificado de participa\u00e7\u00e3o.<\/em><\/em><\/p>\n\n\n\n<p><\/p>\n\n\n\n<p>\u2022 <strong>Voluntariado Cruzando Hist\u00f3rias <\/strong><br><a href=\"https:\/\/www.cruzandohistorias.org\/fale-conosco\/quero-ser-voluntario\" target=\"_blank\" rel=\"noreferrer noopener\">Clique aqui e inscreva-se!<\/a><br><em><em>Necess\u00e1rio Formul\u00e1rio de Submiss\u00e3o e certificado de participa\u00e7\u00e3o.<\/em><\/em><\/p>\n\n\n\n<p><\/p>\n\n\n\n<p>\u2022 <strong>Voluntariado Teto Brasil<\/strong><br><a href=\"https:\/\/br.techo.org\/voluntariado-5\/\" target=\"_blank\" rel=\"noreferrer noopener\">Clique aqui e inscreva-se!<\/a><br><em><em>Necess\u00e1rio Formul\u00e1rio de Submiss\u00e3o e certificado de participa\u00e7\u00e3o.<\/em><\/em><\/p>\n\n\n\n<p><\/p>\n\n\n\n<p>\u2022 <strong>Pr\u00eamio SEBRAE Mulher de Neg\u00f3cios<\/strong><br><a href=\"https:\/\/sebrae.com.br\/sites\/PortalSebrae\/empreendedorismofeminino\/premiomulherdenegocios\" target=\"_blank\" rel=\"noreferrer noopener\">Clique aqui e inscreva-se!<\/a><br><em><em>Necess\u00e1rio certificado de participa\u00e7\u00e3o.<\/em><\/em><\/p>\n\n\n\n<p><\/p>\n\n\n\n<p>\u2022 <strong><strong>Perspectivas e Desafios da Transforma\u00e7\u00e3o Digital na Ind\u00fastria<\/strong><\/strong> <br><a href=\"https:\/\/info.vdibrasil.com\/evento-expomafe-industry4her?utm_campaign=interacao_expomafe&amp;utm_medium=email&amp;utm_source=RD+Station\" target=\"_blank\" rel=\"noreferrer noopener\">Clique aqui e inscreva-se!<\/a><br><em><em>Necess\u00e1rio certificado de participa\u00e7\u00e3o.<\/em><\/em><\/p>\n\n\n\n<p><\/p>\n\n\n\n<p>\u2022 <strong>Programa de Voluntariado &#8211; Santa Food Tech<\/strong><br><a href=\"https:\/\/docs.google.com\/forms\/d\/e\/1FAIpQLSdh02eGfeJ3FwrwViyumRM7w-dvOg16RyOVqPErxkkwnPAqOw\/viewform?usp=sharing&amp;ouid=111150978432464784326\" target=\"_blank\" rel=\"noreferrer noopener\">Clique aqui e inscreva-se!<\/a><br><em><em>Necess\u00e1rio certificado de participa\u00e7\u00e3o.<\/em><\/em><\/p>\n\n\n\n<p><\/p>\n\n\n\n<p>\u2022 <strong>Bootcamps de Tecnologia &#8211; T-Systems<\/strong><br><a href=\"https:\/\/www.ready.tec.br\/\" target=\"_blank\" rel=\"noreferrer noopener\">Clique aqui e inscreva-se!<\/a><br><em><em>Necess\u00e1rio certificado de participa\u00e7\u00e3o.<\/em><\/em><\/p>\n\n\n\n<p><\/p>\n\n\n\n<p>\u2022 <strong>Seja um Volunt\u00e1rio &#8211; Associa\u00e7\u00e3o Social Irm\u00e3 Maria Dolores <\/strong><br><a href=\"https:\/\/www.asimd.org.br\/seja-um-voluntario\/\" target=\"_blank\" rel=\"noreferrer noopener\">Clique aqui e inscreva-se!<\/a><br><em><em>Necess\u00e1rio certificado de participa\u00e7\u00e3o<\/em><\/em> e formul\u00e1rio de submiss\u00e3o.<\/p>\n\n\n\n<p><\/p>\n\n\n\n<p>\u2022 <strong>Seja um Volunt\u00e1rio &#8211; Museu da Pessoa<\/strong><br><a href=\"https:\/\/museudapessoa.org\/apoie\/voluntariado\/\" target=\"_blank\" rel=\"noreferrer noopener\">Clique aqui e inscreva-se!<\/a><br><em><em>Necess\u00e1rio certificado de participa\u00e7\u00e3o<\/em><\/em> e formul\u00e1rio de submiss\u00e3o.<\/p>\n\n\n\n<p><\/p>\n\n\n\n<p>\u2022 <strong>Seja um Volunt\u00e1rio &#8211; WoMakersCode<\/strong><br><a href=\"https:\/\/airtable.com\/app9m68gPp3D62wvu\/pag3bKIKwzvlZPnMm\/form\" target=\"_blank\" rel=\"noreferrer noopener\">Clique aqui e inscreva-se!<\/a><br><em><em>Necess\u00e1rio certificado de participa\u00e7\u00e3o<\/em><\/em> e formul\u00e1rio de submiss\u00e3o.<\/p>\n\n\n\n<p><\/p>\n\n\n\n<p><\/p>\n","protected":false},"excerpt":{"rendered":"<p>As comprova\u00e7\u00f5es devem ser enviadas pelo Portal do Aluno, acessando a op\u00e7\u00e3o &#8216;Acesso R\u00e1pido&#8217; &gt; &#8216;Extens\u00e3o Universit\u00e1ria&#8217; e clicando em &#8216;Novo&#8217;, para que sejam analisadas pelo Comit\u00ea de Extens\u00e3o Universit\u00e1ria. O Formul\u00e1rio de Submiss\u00e3o pode ser enviado de forma eletr\u00f4nica pelo site de extens\u00e3o (clique aqui). Confira abaixo algumas inscri\u00e7\u00f5es dispon\u00edveis: \u2022 Dicas e Estrat\u00e9gias [&hellip;]<\/p>\n","protected":false},"author":1,"featured_media":0,"parent":0,"menu_order":0,"comment_status":"closed","ping_status":"closed","template":"","meta":{"_acf_changed":false,"footnotes":""},"class_list":["post-360","page","type-page","status-publish","hentry"],"acf":[],"_links":{"self":[{"href":"https:\/\/faculdadesalvadorarena.org.br\/extensao\/wp-json\/wp\/v2\/pages\/360","targetHints":{"allow":["GET"]}}],"collection":[{"href":"https:\/\/faculdadesalvadorarena.org.br\/extensao\/wp-json\/wp\/v2\/pages"}],"about":[{"href":"https:\/\/faculdadesalvadorarena.org.br\/extensao\/wp-json\/wp\/v2\/types\/page"}],"author":[{"embeddable":true,"href":"https:\/\/faculdadesalvadorarena.org.br\/extensao\/wp-json\/wp\/v2\/users\/1"}],"replies":[{"embeddable":true,"href":"https:\/\/faculdadesalvadorarena.org.br\/extensao\/wp-json\/wp\/v2\/comments?post=360"}],"version-history":[{"count":2,"href":"https:\/\/faculdadesalvadorarena.org.br\/extensao\/wp-json\/wp\/v2\/pages\/360\/revisions"}],"predecessor-version":[{"id":506,"href":"https:\/\/faculdadesalvadorarena.org.br\/extensao\/wp-json\/wp\/v2\/pages\/360\/revisions\/506"}],"wp:attachment":[{"href":"https:\/\/faculdadesalvadorarena.org.br\/extensao\/wp-json\/wp\/v2\/media?parent=360"}],"curies":[{"name":"wp","href":"https:\/\/api.w.org\/{rel}","templated":true}]}}