{"id":49,"date":"2023-07-31T11:18:22","date_gmt":"2023-07-31T14:18:22","guid":{"rendered":"http:\/\/webapp389041.ip-198-58-123-167.cloudezapp.io\/extensao\/?page_id=49"},"modified":"2023-07-31T11:35:19","modified_gmt":"2023-07-31T14:35:19","slug":"projetos-de-extensao","status":"publish","type":"page","link":"https:\/\/faculdadesalvadorarena.org.br\/extensao\/projetos-de-extensao\/","title":{"rendered":"Projetos de Extens\u00e3o"},"content":{"rendered":"\n<p><\/p>\n\n\n\n<div class=\"wp-block-columns alignwide is-layout-flex wp-container-core-columns-is-layout-28f84493 wp-block-columns-is-layout-flex\">\n<div class=\"wp-block-column is-layout-flow wp-block-column-is-layout-flow\">\n<p>Um <strong>projeto de extens\u00e3o universit\u00e1ria vai al\u00e9m da sala de aula<\/strong> e est\u00e1 diretamente relacionado ao impacto social nas comunidades. Ao estabelecer uma conex\u00e3o direta entre a academia e a sociedade, esses projetos t\u00eam o objetivo de enfrentar desafios e necessidades reais, buscando solu\u00e7\u00f5es que beneficiem a comunidade de forma ampla.<\/p>\n\n\n\n<p>Esses projetos podem abordar diversas \u00e1reas, como educa\u00e7\u00e3o, sa\u00fade, meio ambiente, cultura, inclus\u00e3o social, entre outras. Por meio de a\u00e7\u00f5es e atividades pr\u00e1ticas, os estudantes e professores envolvidos nos projetos de extens\u00e3o buscam levar conhecimentos e servi\u00e7os relevantes para a comunidade, atendendo \u00e0s demandas identificadas.<\/p>\n\n\n\n<p>O impacto social gerado por um projeto de extens\u00e3o pode ser percebido de v\u00e1rias formas. Primeiramente, ele contribui para a melhoria da qualidade de vida da comunidade, proporcionando acesso a informa\u00e7\u00f5es, servi\u00e7os e recursos que muitas vezes n\u00e3o estariam dispon\u00edveis sem a atua\u00e7\u00e3o da faculdade. Isso pode envolver a realiza\u00e7\u00e3o de cursos, palestras, oficinas, atendimentos e interven\u00e7\u00f5es espec\u00edficas nas \u00e1reas de atua\u00e7\u00e3o do projeto.<\/p>\n\n\n\n<p>Al\u00e9m disso, os projetos de extens\u00e3o promovem a conscientiza\u00e7\u00e3o e a transforma\u00e7\u00e3o social. Ao trabalhar diretamente com a comunidade, os estudantes t\u00eam a oportunidade de compreender as realidades e desafios enfrentados pelos diferentes grupos sociais, fomentando a reflex\u00e3o cr\u00edtica e estimulando a busca por solu\u00e7\u00f5es coletivas e sustent\u00e1veis.<\/p>\n\n\n\n<p>Os projetos de extens\u00e3o tamb\u00e9m contribuem para fortalecer os la\u00e7os entre a faculdade e a sociedade, estabelecendo parcerias e colabora\u00e7\u00f5es que podem perdurar mesmo ap\u00f3s a conclus\u00e3o do projeto. Essa intera\u00e7\u00e3o promove uma troca de conhecimentos e experi\u00eancias entre os envolvidos, enriquecendo tanto a forma\u00e7\u00e3o acad\u00eamica dos estudantes quanto o desenvolvimento das comunidades. Por fim, vale ressaltar que o impacto social de um projeto de extens\u00e3o n\u00e3o se limita apenas \u00e0s comunidades atendidas. Os estudantes envolvidos tamb\u00e9m s\u00e3o impactados de forma significativa, adquirindo uma vis\u00e3o mais ampla da realidade, desenvolvendo empatia, sensibilidade social e responsabilidade cidad\u00e3. <br><br>Essas experi\u00eancias contribuem para a forma\u00e7\u00e3o de profissionais mais comprometidos e engajados, capazes de atuar de forma \u00e9tica e transformadora em suas futuras carreiras.<\/p>\n<\/div>\n<\/div>\n\n\n\n<div style=\"height:3rem\" aria-hidden=\"true\" class=\"wp-block-spacer\"><\/div>\n","protected":false},"excerpt":{"rendered":"<p>Um projeto de extens\u00e3o universit\u00e1ria vai al\u00e9m da sala de aula e est\u00e1 diretamente relacionado ao impacto social nas comunidades. Ao estabelecer uma conex\u00e3o direta entre a academia e a sociedade, esses projetos t\u00eam o objetivo de enfrentar desafios e necessidades reais, buscando solu\u00e7\u00f5es que beneficiem a comunidade de forma ampla. Esses projetos podem abordar [&hellip;]<\/p>\n","protected":false},"author":1,"featured_media":0,"parent":0,"menu_order":0,"comment_status":"closed","ping_status":"closed","template":"","meta":{"_acf_changed":false,"footnotes":""},"class_list":["post-49","page","type-page","status-publish","hentry"],"acf":[],"_links":{"self":[{"href":"https:\/\/faculdadesalvadorarena.org.br\/extensao\/wp-json\/wp\/v2\/pages\/49","targetHints":{"allow":["GET"]}}],"collection":[{"href":"https:\/\/faculdadesalvadorarena.org.br\/extensao\/wp-json\/wp\/v2\/pages"}],"about":[{"href":"https:\/\/faculdadesalvadorarena.org.br\/extensao\/wp-json\/wp\/v2\/types\/page"}],"author":[{"embeddable":true,"href":"https:\/\/faculdadesalvadorarena.org.br\/extensao\/wp-json\/wp\/v2\/users\/1"}],"replies":[{"embeddable":true,"href":"https:\/\/faculdadesalvadorarena.org.br\/extensao\/wp-json\/wp\/v2\/comments?post=49"}],"version-history":[{"count":0,"href":"https:\/\/faculdadesalvadorarena.org.br\/extensao\/wp-json\/wp\/v2\/pages\/49\/revisions"}],"wp:attachment":[{"href":"https:\/\/faculdadesalvadorarena.org.br\/extensao\/wp-json\/wp\/v2\/media?parent=49"}],"curies":[{"name":"wp","href":"https:\/\/api.w.org\/{rel}","templated":true}]}}