{"id":51,"date":"2023-07-31T11:18:47","date_gmt":"2023-07-31T14:18:47","guid":{"rendered":"http:\/\/webapp389041.ip-198-58-123-167.cloudezapp.io\/extensao\/?page_id=51"},"modified":"2023-10-10T10:07:42","modified_gmt":"2023-10-10T13:07:42","slug":"enviar-projetos","status":"publish","type":"page","link":"https:\/\/faculdadesalvadorarena.org.br\/extensao\/enviar-projetos\/","title":{"rendered":"Enviar Projetos"},"content":{"rendered":"\n<div class=\"wp-block-columns alignwide is-layout-flex wp-container-core-columns-is-layout-28f84493 wp-block-columns-is-layout-flex\">\n<div class=\"wp-block-column is-layout-flow wp-block-column-is-layout-flow\">\n<p>A import\u00e2ncia de participar de um projeto de extens\u00e3o universit\u00e1ria reside na oportunidade de aplicar o conhecimento na pr\u00e1tica, no desenvolvimento pessoal, no fortalecimento da rela\u00e7\u00e3o entre universidade e sociedade, no enriquecimento do curr\u00edculo e nas possibilidades de impacto social positivo. Confira abaixo as etapas para inscrever uma atividade como Projeto de Extens\u00e3o Universit\u00e1ria.<br><\/p>\n\n\n\n<ul class=\"wp-block-list\">\n<li>Leia atentamente o Regulamento, com todas as normas e orienta\u00e7\u00f5es, antes de submeter um Projeto de Extens\u00e3o.&nbsp;<\/li>\n\n\n\n<li>Ap\u00f3s submeter um Projeto de Extens\u00e3o, aguarde o retorno do Comit\u00ea de Extens\u00e3o para andamento do Projeto de Extens\u00e3o.&nbsp;<\/li>\n\n\n\n<li>Caso o trabalho seja contemplado para ser disponibilizado no site, deve ser preenchido e enviado a Ficha Resumo.&nbsp;<br><\/li>\n<\/ul>\n<\/div>\n<\/div>\n\n\n\n<div style=\"height:50px\" aria-hidden=\"true\" class=\"wp-block-spacer\"><\/div>\n\n\n\n<div class=\"wp-block-columns is-layout-flex wp-container-core-columns-is-layout-28f84493 wp-block-columns-is-layout-flex\">\n<div class=\"wp-block-column is-layout-flow wp-block-column-is-layout-flow\">\n<div class=\"wp-block-outermost-icon-block items-justified-center\"><a class=\"icon-container has-icon-color\" href=\"http:\/\/webapp389041.ip-198-58-123-167.cloudezapp.io\/extensao\/wp-content\/uploads\/2023\/07\/Regulamento-de-Extensao-Universitaria-Cursos-Bacharelados.pdf\" target=\"_blank\" rel=\"noreferrer noopener\" style=\"color:#ff8c00;width:48px\"><svg viewBox=\"0 0 24 24\" xmlns=\"http:\/\/www.w3.org\/2000\/svg\" aria-hidden=\"true\"><path d=\"M18 4H6c-1.1 0-2 .9-2 2v12c0 1.1.9 2 2 2h12c1.1 0 2-.9 2-2V6c0-1.1-.9-2-2-2zm.5 14c0 .3-.2.5-.5.5H6c-.3 0-.5-.2-.5-.5V6c0-.3.2-.5.5-.5h12c.3 0 .5.2.5.5v12zM7 11h2V9H7v2zm0 4h2v-2H7v2zm3-4h7V9h-7v2zm0 4h7v-2h-7v2z\"><\/path><\/svg><\/a><\/div>\n\n\n\n<p class=\"has-text-align-center has-link-color wp-elements-8d912e3555fae31cc075eeb9badaaa00\" style=\"font-size:14px\"><strong><a href=\"http:\/\/webapp389041.ip-198-58-123-167.cloudezapp.io\/extensao\/wp-content\/uploads\/2023\/07\/Regulamento-de-Extensao-Universitaria-Cursos-Bacharelados.pdf\" target=\"_blank\" rel=\"noreferrer noopener\">REGULAMENTO DE<br>EXTENS\u00c3O UNIVERSIT\u00c1RIA<\/a><\/strong><\/p>\n<\/div>\n\n\n\n<div class=\"wp-block-column is-layout-flow wp-block-column-is-layout-flow\">\n<div class=\"wp-block-outermost-icon-block items-justified-center\"><a class=\"icon-container has-icon-color\" href=\"http:\/\/webapp389041.ip-198-58-123-167.cloudezapp.io\/extensao\/enviar-projetos\/submissao-de-atividade\/\" style=\"color:#ff8c00;width:48px\"><svg xmlns=\"http:\/\/www.w3.org\/2000\/svg\" viewBox=\"0 0 24 24\" aria-hidden=\"true\"><path d=\"M18.5 15v3.5H13V6.7l4.5 4.1 1-1.1-6.2-5.8-5.8 5.8 1 1.1 4-4v11.7h-6V15H4v5h16v-5z\"><\/path><\/svg><\/a><\/div>\n\n\n\n<p class=\"has-text-align-center has-link-color wp-elements-b07c9bb9c3b419d3d5476a71d002f95f\" style=\"font-size:14px\"><strong><a href=\"http:\/\/webapp389041.ip-198-58-123-167.cloudezapp.io\/extensao\/enviar-projetos\/submissao-de-atividade\/\">SUBMISS\u00c3O DA<br>ATIVIDADE DE EXTENS\u00c3O<\/a><\/strong><\/p>\n<\/div>\n\n\n\n<div class=\"wp-block-column is-layout-flow wp-block-column-is-layout-flow\">\n<div class=\"wp-block-outermost-icon-block items-justified-center\"><a class=\"icon-container has-icon-color\" href=\"http:\/\/webapp389041.ip-198-58-123-167.cloudezapp.io\/extensao\/enviar-projetos\/ficha-resumo\/\" style=\"color:#ff8c00;width:48px\"><svg xmlns=\"http:\/\/www.w3.org\/2000\/svg\" viewBox=\"0 0 24 24\" aria-hidden=\"true\"><path d=\"M7 5.5h10a.5.5 0 01.5.5v12a.5.5 0 01-.5.5H7a.5.5 0 01-.5-.5V6a.5.5 0 01.5-.5zM17 4H7a2 2 0 00-2 2v12a2 2 0 002 2h10a2 2 0 002-2V6a2 2 0 00-2-2zm-1 3.75H8v1.5h8v-1.5zM8 11h8v1.5H8V11zm6 3.25H8v1.5h6v-1.5z\"><\/path><\/svg><\/a><\/div>\n\n\n\n<p class=\"has-text-align-center has-link-color wp-elements-dfff45e28fb72db159c31b4666d56ea1\" style=\"font-size:14px\"><strong><a href=\"http:\/\/webapp389041.ip-198-58-123-167.cloudezapp.io\/extensao\/enviar-projetos\/ficha-resumo\/\">ENVIO <\/a><\/strong><br><strong><a href=\"http:\/\/webapp389041.ip-198-58-123-167.cloudezapp.io\/extensao\/enviar-projetos\/ficha-resumo\/\">DA  FICHA RESUMO<\/a><\/strong><\/p>\n<\/div>\n<\/div>\n\n\n\n<div style=\"height:100px\" aria-hidden=\"true\" class=\"wp-block-spacer\"><\/div>\n","protected":false},"excerpt":{"rendered":"<p>A import\u00e2ncia de participar de um projeto de extens\u00e3o universit\u00e1ria reside na oportunidade de aplicar o conhecimento na pr\u00e1tica, no desenvolvimento pessoal, no fortalecimento da rela\u00e7\u00e3o entre universidade e sociedade, no enriquecimento do curr\u00edculo e nas possibilidades de impacto social positivo. Confira abaixo as etapas para inscrever uma atividade como Projeto de Extens\u00e3o Universit\u00e1ria. REGULAMENTO [&hellip;]<\/p>\n","protected":false},"author":1,"featured_media":0,"parent":0,"menu_order":0,"comment_status":"closed","ping_status":"closed","template":"","meta":{"_acf_changed":false,"footnotes":""},"class_list":["post-51","page","type-page","status-publish","hentry"],"acf":[],"_links":{"self":[{"href":"https:\/\/faculdadesalvadorarena.org.br\/extensao\/wp-json\/wp\/v2\/pages\/51","targetHints":{"allow":["GET"]}}],"collection":[{"href":"https:\/\/faculdadesalvadorarena.org.br\/extensao\/wp-json\/wp\/v2\/pages"}],"about":[{"href":"https:\/\/faculdadesalvadorarena.org.br\/extensao\/wp-json\/wp\/v2\/types\/page"}],"author":[{"embeddable":true,"href":"https:\/\/faculdadesalvadorarena.org.br\/extensao\/wp-json\/wp\/v2\/users\/1"}],"replies":[{"embeddable":true,"href":"https:\/\/faculdadesalvadorarena.org.br\/extensao\/wp-json\/wp\/v2\/comments?post=51"}],"version-history":[{"count":0,"href":"https:\/\/faculdadesalvadorarena.org.br\/extensao\/wp-json\/wp\/v2\/pages\/51\/revisions"}],"wp:attachment":[{"href":"https:\/\/faculdadesalvadorarena.org.br\/extensao\/wp-json\/wp\/v2\/media?parent=51"}],"curies":[{"name":"wp","href":"https:\/\/api.w.org\/{rel}","templated":true}]}}