{"id":78,"date":"2023-07-31T14:00:31","date_gmt":"2023-07-31T17:00:31","guid":{"rendered":"http:\/\/webapp389041.ip-198-58-123-167.cloudezapp.io\/extensao\/?page_id=78"},"modified":"2023-07-31T14:55:23","modified_gmt":"2023-07-31T17:55:23","slug":"ficha-resumo","status":"publish","type":"page","link":"https:\/\/faculdadesalvadorarena.org.br\/extensao\/enviar-projetos\/ficha-resumo\/","title":{"rendered":"Ficha Resumo"},"content":{"rendered":"\n<div class=\"wp-block-columns alignwide is-layout-flex wp-container-core-columns-is-layout-28f84493 wp-block-columns-is-layout-flex\">\n<div class=\"wp-block-column is-layout-flow wp-block-column-is-layout-flow\">\n<div class=\"forminator-guttenberg\"><div class=\"forminator-ui forminator-custom-form forminator-custom-form-77 forminator-design--flat  forminator_ajax\" data-forminator-render=\"0\" data-form=\"forminator-module-77\" data-uid=\"6a09734c99f26\"><br\/><\/div><form\n\t\t\t\tid=\"forminator-module-77\"\n\t\t\t\tclass=\"forminator-ui forminator-custom-form forminator-custom-form-77 forminator-design--flat  forminator_ajax\"\n\t\t\t\tmethod=\"post\"\n\t\t\t\tdata-forminator-render=\"0\"\n\t\t\t\tdata-form-id=\"77\"\n\t\t\t\t data-color-option=\"default\" data-design=\"flat\" data-grid=\"open\" style=\"display: none;\"\n\t\t\t\tdata-uid=\"6a09734c99f26\"\n\t\t\t><div role=\"alert\" aria-live=\"polite\" class=\"forminator-response-message forminator-error\" aria-hidden=\"true\"><\/div><div class=\"forminator-row\"><div id=\"section-2\" class=\"forminator-field-section forminator-col forminator-col-12 \"><div class=\"forminator-field\"><h2 class=\"forminator-title\">Informa\u00e7\u00f5es do Projeto<\/h2><\/div><\/div><\/div><div class=\"forminator-row\"><div id=\"name-1\" class=\"forminator-field-name forminator-col forminator-col-12 \"><div class=\"forminator-field\"><label for=\"forminator-field-name-1_6a09734c99f26\" id=\"forminator-field-name-1_6a09734c99f26-label\" class=\"forminator-label\">Nome da atividade <span class=\"forminator-required\">*<\/span><\/label><input type=\"text\" name=\"name-1\" value=\"\" placeholder=\"\" id=\"forminator-field-name-1_6a09734c99f26\" class=\"forminator-input forminator-name--field\" aria-required=\"true\" autocomplete=\"name\" \/><\/div><\/div><\/div><div class=\"forminator-row\"><div id=\"name-10\" class=\"forminator-field-name forminator-col forminator-col-12 \"><div class=\"forminator-field\"><label for=\"forminator-field-name-10_6a09734c99f26\" id=\"forminator-field-name-10_6a09734c99f26-label\" class=\"forminator-label\">Identifica\u00e7\u00e3o da ODS (Objetivos do Desenvolvimento Sustent\u00e1vel) do projeto <span class=\"forminator-required\">*<\/span><\/label><input type=\"text\" name=\"name-10\" value=\"\" placeholder=\"\" id=\"forminator-field-name-10_6a09734c99f26\" class=\"forminator-input forminator-name--field\" aria-required=\"true\" autocomplete=\"name\" \/><\/div><\/div><\/div><div class=\"forminator-row\"><div id=\"select-5\" class=\"forminator-field-select forminator-col forminator-col-4 \"><div class=\"forminator-field\"><label for=\"forminator-form-77__field--select-5_6a09734c99f26\" id=\"forminator-form-77__field--select-5_6a09734c99f26-label\" class=\"forminator-label\">Modalidade <span class=\"forminator-required\">*<\/span><\/label><select  id=\"forminator-form-77__field--select-5_6a09734c99f26\" class=\"forminator-select--field forminator-select2 forminator-select2-multiple\" data-required=\"1\" name=\"select-5\" data-default-value=\"\" data-hidden-behavior=\"zero\" data-placeholder=\"Selecione uma modalidade\" data-search=\"false\" data-search-placeholder=\"Selecione uma modalidade\" data-checkbox=\"false\" data-allow-clear=\"false\" aria-labelledby=\"forminator-form-77__field--select-5_6a09734c99f26-label\"><option value=\"\"  >Selecione uma modalidade<\/option><option value=\"one\"  data-calculation=\"0\">Trabalho de Conclus\u00e3o de Curso<\/option><option value=\"two\"  data-calculation=\"0\">Artigo Cient\u00edfico<\/option><option value=\"Evento\"  data-calculation=\"0\">Evento<\/option><option value=\"Outros\"  data-calculation=\"0\">Outros<\/option><\/select><\/div><\/div><div id=\"name-8\" class=\"forminator-field-name forminator-col forminator-col-4 \"><div class=\"forminator-field\"><label for=\"forminator-field-name-8_6a09734c99f26\" id=\"forminator-field-name-8_6a09734c99f26-label\" class=\"forminator-label\">P\u00fablico alvo da sociedade <span class=\"forminator-required\">*<\/span><\/label><input type=\"text\" name=\"name-8\" value=\"\" placeholder=\"\" id=\"forminator-field-name-8_6a09734c99f26\" class=\"forminator-input forminator-name--field\" aria-required=\"true\" autocomplete=\"name\" \/><\/div><\/div><div id=\"name-9\" class=\"forminator-field-name forminator-col forminator-col-4 \"><div class=\"forminator-field\"><label for=\"forminator-field-name-9_6a09734c99f26\" id=\"forminator-field-name-9_6a09734c99f26-label\" class=\"forminator-label\">Metodologia <span class=\"forminator-required\">*<\/span><\/label><input type=\"text\" name=\"name-9\" value=\"\" placeholder=\"\" id=\"forminator-field-name-9_6a09734c99f26\" class=\"forminator-input forminator-name--field\" aria-required=\"true\" autocomplete=\"name\" \/><\/div><\/div><\/div><div class=\"forminator-row\"><div id=\"textarea-1\" class=\"forminator-field-textarea forminator-col forminator-col-12 \"><div class=\"forminator-field\"><label for=\"forminator-field-textarea-1_6a09734c99f26\" id=\"forminator-field-textarea-1_6a09734c99f26-label\" class=\"forminator-label\">Resumo da atividade <span class=\"forminator-required\">*<\/span><\/label><textarea name=\"textarea-1\" placeholder=\"\" id=\"forminator-field-textarea-1_6a09734c99f26\" class=\"forminator-textarea\" rows=\"6\" style=\"--forminator-textarea-min-height:140px;\" ><\/textarea><\/div><\/div><\/div><div class=\"forminator-row\"><div id=\"textarea-2\" class=\"forminator-field-textarea forminator-col forminator-col-12 \"><div class=\"forminator-field\"><label for=\"forminator-field-textarea-2_6a09734c99f26\" id=\"forminator-field-textarea-2_6a09734c99f26-label\" class=\"forminator-label\">Principais melhorias apresentadas <span class=\"forminator-required\">*<\/span><\/label><textarea name=\"textarea-2\" placeholder=\"\" id=\"forminator-field-textarea-2_6a09734c99f26\" class=\"forminator-textarea\" rows=\"6\" style=\"--forminator-textarea-min-height:140px;\" ><\/textarea><\/div><\/div><\/div><div class=\"forminator-row\"><div id=\"textarea-3\" class=\"forminator-field-textarea forminator-col forminator-col-12 \"><div class=\"forminator-field\"><label for=\"forminator-field-textarea-3_6a09734c99f26\" id=\"forminator-field-textarea-3_6a09734c99f26-label\" class=\"forminator-label\">Descri\u00e7\u00e3o dos resultados esperados ou problemas a serem solucionados <span class=\"forminator-required\">*<\/span><\/label><textarea name=\"textarea-3\" placeholder=\"\" id=\"forminator-field-textarea-3_6a09734c99f26\" class=\"forminator-textarea\" rows=\"6\" style=\"--forminator-textarea-min-height:140px;\" ><\/textarea><\/div><\/div><\/div><div class=\"forminator-row\"><div id=\"section-1\" class=\"forminator-field-section forminator-col forminator-col-12 \"><div class=\"forminator-field\"><h2 class=\"forminator-title\">Informa\u00e7\u00f5es dos Aluno<\/h2><\/div><\/div><\/div><div class=\"forminator-row\"><div id=\"name-2\" class=\"forminator-field-name forminator-col forminator-col-4 \"><div class=\"forminator-field\"><label for=\"forminator-field-name-2_6a09734c99f26\" id=\"forminator-field-name-2_6a09734c99f26-label\" class=\"forminator-label\">Aluno <span class=\"forminator-required\">*<\/span><\/label><input type=\"text\" name=\"name-2\" value=\"\" placeholder=\"\" id=\"forminator-field-name-2_6a09734c99f26\" class=\"forminator-input forminator-name--field\" aria-required=\"true\" autocomplete=\"name\" \/><\/div><\/div><div id=\"email-1\" class=\"forminator-field-email forminator-col forminator-col-4 \"><div class=\"forminator-field\"><label for=\"forminator-field-email-1_6a09734c99f26\" id=\"forminator-field-email-1_6a09734c99f26-label\" class=\"forminator-label\">E-mail <span class=\"forminator-required\">*<\/span><\/label><input type=\"email\" name=\"email-1\" value=\"\" placeholder=\"\" id=\"forminator-field-email-1_6a09734c99f26\" class=\"forminator-input forminator-email--field\" data-required=\"1\" aria-required=\"true\" autocomplete=\"email\" \/><\/div><\/div><div id=\"name-4\" class=\"forminator-field-name forminator-col forminator-col-4 \"><div class=\"forminator-field\"><label for=\"forminator-field-name-4_6a09734c99f26\" id=\"forminator-field-name-4_6a09734c99f26-label\" class=\"forminator-label\">Telefone <span class=\"forminator-required\">*<\/span><\/label><input type=\"text\" name=\"name-4\" value=\"\" placeholder=\"\" id=\"forminator-field-name-4_6a09734c99f26\" class=\"forminator-input forminator-name--field\" aria-required=\"true\" autocomplete=\"name\" \/><\/div><\/div><\/div><div class=\"forminator-row\"><div id=\"name-3\" class=\"forminator-field-name forminator-col forminator-col-4 \"><div class=\"forminator-field\"><label for=\"forminator-field-name-3_6a09734c99f26\" id=\"forminator-field-name-3_6a09734c99f26-label\" class=\"forminator-label\">RA <span class=\"forminator-required\">*<\/span><\/label><input type=\"text\" name=\"name-3\" value=\"\" placeholder=\"\" id=\"forminator-field-name-3_6a09734c99f26\" class=\"forminator-input forminator-name--field\" aria-required=\"true\" autocomplete=\"name\" \/><\/div><\/div><div id=\"select-1\" class=\"forminator-field-select forminator-col forminator-col-4 \"><div class=\"forminator-field\"><label for=\"forminator-form-77__field--select-1_6a09734c99f26\" id=\"forminator-form-77__field--select-1_6a09734c99f26-label\" class=\"forminator-label\">Curso <span class=\"forminator-required\">*<\/span><\/label><select  id=\"forminator-form-77__field--select-1_6a09734c99f26\" class=\"forminator-select--field forminator-select2 forminator-select2-multiple\" data-required=\"1\" name=\"select-1\" data-default-value=\"\" data-hidden-behavior=\"zero\" data-placeholder=\"Selecione\" data-search=\"false\" data-search-placeholder=\"Selecione\" data-checkbox=\"false\" data-allow-clear=\"false\" aria-labelledby=\"forminator-form-77__field--select-1_6a09734c99f26-label\"><option value=\"\"  >Selecione<\/option><option value=\"one\"  data-calculation=\"0\">Administra\u00e7\u00e3o<\/option><option value=\"two\"  data-calculation=\"0\">Engenharia de Alimentos<\/option><option value=\"Engenharia-de-Computa\u00e7\u00e3o\"  data-calculation=\"0\">Engenharia de Computa\u00e7\u00e3o<\/option><option value=\"Engenharia-de-Controle-e-Automa\u00e7\u00e3o\"  data-calculation=\"0\">Engenharia de Controle e Automa\u00e7\u00e3o<\/option><option value=\"Gest\u00e3o-Educacional\"  data-calculation=\"0\">Gest\u00e3o Educacional<\/option><option value=\"Gest\u00e3o-de-Projetos-em-Inova\u00e7\u00e3o-e-Sustentabilidade\"  data-calculation=\"0\">Gest\u00e3o de Projetos em Inova\u00e7\u00e3o e Sustentabilidade<\/option><\/select><\/div><\/div><div id=\"select-2\" class=\"forminator-field-select forminator-col forminator-col-4 \"><div class=\"forminator-field\"><label for=\"forminator-form-77__field--select-2_6a09734c99f26\" id=\"forminator-form-77__field--select-2_6a09734c99f26-label\" class=\"forminator-label\">Per\u00edodo <span class=\"forminator-required\">*<\/span><\/label><select  id=\"forminator-form-77__field--select-2_6a09734c99f26\" class=\"forminator-select--field forminator-select2 forminator-select2-multiple\" data-required=\"1\" name=\"select-2\" data-default-value=\"\" data-hidden-behavior=\"zero\" data-placeholder=\"Selecione\" data-search=\"false\" data-search-placeholder=\"Selecione\" data-checkbox=\"false\" data-allow-clear=\"false\" aria-labelledby=\"forminator-form-77__field--select-2_6a09734c99f26-label\"><option value=\"\"  >Selecione<\/option><option value=\"one\"  data-calculation=\"0\">1\u00ba<\/option><option value=\"two\"  data-calculation=\"0\">2\u00ba<\/option><option value=\"3\u00ba\"  data-calculation=\"0\">3\u00ba<\/option><option value=\"4\u00ba\"  data-calculation=\"0\">4\u00ba<\/option><option value=\"5\u00ba\"  data-calculation=\"0\">5\u00ba<\/option><option value=\"6\u00ba\"  data-calculation=\"0\">6\u00ba<\/option><option value=\"7\u00ba\"  data-calculation=\"0\">7\u00ba<\/option><option value=\"8\u00ba\"  data-calculation=\"0\">8\u00ba<\/option><option value=\"9\u00ba\"  data-calculation=\"0\">9\u00ba<\/option><option value=\"10\u00ba\"  data-calculation=\"0\">10\u00ba<\/option><\/select><\/div><\/div><\/div><div class=\"forminator-row\"><div id=\"radio-1\" class=\"forminator-field-radio forminator-col forminator-col-12 \"><div role=\"radiogroup\" class=\"forminator-field\" aria-labelledby=\"forminator-radiogroup-radio-1-6a09734c99f26-label\"><span id=\"forminator-radiogroup-radio-1-6a09734c99f26-label\" class=\"forminator-label\">Existem mais alunos no projeto?<\/span><label id=\"forminator-field-radio-1-label-1\" for=\"forminator-field-radio-1-1-6a09734c99f26\" class=\"forminator-radio\" title=\"Sim\"><input type=\"radio\" name=\"radio-1\" value=\"one\" id=\"forminator-field-radio-1-1-6a09734c99f26\" aria-labelledby=\"forminator-field-radio-1-label-1\" data-calculation=\"0\"   data-hidden-behavior=\"zero\"\/><span class=\"forminator-radio-bullet\" aria-hidden=\"true\"><\/span><span class=\"forminator-radio-label\">Sim<\/span><\/label><label id=\"forminator-field-radio-1-label-2\" for=\"forminator-field-radio-1-2-6a09734c99f26\" class=\"forminator-radio\" title=\"N\u00e3o\"><input type=\"radio\" name=\"radio-1\" value=\"two\" id=\"forminator-field-radio-1-2-6a09734c99f26\" aria-labelledby=\"forminator-field-radio-1-label-2\" data-calculation=\"0\"   data-hidden-behavior=\"zero\"\/><span class=\"forminator-radio-bullet\" aria-hidden=\"true\"><\/span><span class=\"forminator-radio-label\">N\u00e3o<\/span><\/label><\/div><\/div><\/div><div class=\"forminator-row\"><div id=\"group-1\" class=\"forminator-field-group forminator-col forminator-col-12 \"><div class=\"forminator-all-group-copies\"><div class=\"forminator-grouped-fields\" data-options=\"{&quot;is_repeater&quot;:true,&quot;min_type&quot;:&quot;custom&quot;,&quot;max_type&quot;:&quot;custom&quot;,&quot;min&quot;:1,&quot;max&quot;:9223372036854775807,&quot;add_text&quot;:&quot;Adicionar Aluno&quot;,&quot;remove_text&quot;:&quot;Remover Aluno&quot;,&quot;action_element_type&quot;:&quot;button&quot;}\"><div class=\"forminator-row\"><div id=\"name-5\" class=\"forminator-field-name forminator-col forminator-col-4 \"><div class=\"forminator-field\"><label for=\"forminator-field-name-5_6a09734c99f26\" id=\"forminator-field-name-5_6a09734c99f26-label\" class=\"forminator-label\">Nome<\/label><input type=\"text\" name=\"name-5\" value=\"\" placeholder=\"\" id=\"forminator-field-name-5_6a09734c99f26\" class=\"forminator-input forminator-name--field\" aria-required=\"false\" autocomplete=\"name\" \/><\/div><\/div><div id=\"email-2\" class=\"forminator-field-email forminator-col forminator-col-4 \"><div class=\"forminator-field\"><label for=\"forminator-field-email-2_6a09734c99f26\" id=\"forminator-field-email-2_6a09734c99f26-label\" class=\"forminator-label\">E-mail<\/label><input type=\"email\" name=\"email-2\" value=\"\" placeholder=\"\" id=\"forminator-field-email-2_6a09734c99f26\" class=\"forminator-input forminator-email--field\" data-required=\"\" aria-required=\"false\" autocomplete=\"email\" \/><\/div><\/div><div id=\"name-6\" class=\"forminator-field-name forminator-col forminator-col-4 \"><div class=\"forminator-field\"><label for=\"forminator-field-name-6_6a09734c99f26\" id=\"forminator-field-name-6_6a09734c99f26-label\" class=\"forminator-label\">Telefone<\/label><input type=\"text\" name=\"name-6\" value=\"\" placeholder=\"\" id=\"forminator-field-name-6_6a09734c99f26\" class=\"forminator-input forminator-name--field\" aria-required=\"false\" autocomplete=\"name\" \/><\/div><\/div><\/div><div class=\"forminator-row\"><div id=\"name-7\" class=\"forminator-field-name forminator-col forminator-col-4 \"><div class=\"forminator-field\"><label for=\"forminator-field-name-7_6a09734c99f26\" id=\"forminator-field-name-7_6a09734c99f26-label\" class=\"forminator-label\">RA<\/label><input type=\"text\" name=\"name-7\" value=\"\" placeholder=\"\" id=\"forminator-field-name-7_6a09734c99f26\" class=\"forminator-input forminator-name--field\" aria-required=\"false\" autocomplete=\"name\" \/><\/div><\/div><div id=\"select-3\" class=\"forminator-field-select forminator-col forminator-col-4 \"><div class=\"forminator-field\"><label for=\"forminator-form-77__field--select-3_6a09734c99f26\" id=\"forminator-form-77__field--select-3_6a09734c99f26-label\" class=\"forminator-label\">Curso<\/label><select  id=\"forminator-form-77__field--select-3_6a09734c99f26\" class=\"forminator-select--field forminator-select2 forminator-select2-multiple\" data-required=\"\" name=\"select-3\" data-default-value=\"\" data-hidden-behavior=\"zero\" data-placeholder=\"Selecione\" data-search=\"false\" data-search-placeholder=\"Selecione\" data-checkbox=\"false\" data-allow-clear=\"false\" aria-labelledby=\"forminator-form-77__field--select-3_6a09734c99f26-label\"><option value=\"\"  >Selecione<\/option><option value=\"one\"  data-calculation=\"0\">Administra\u00e7\u00e3o<\/option><option value=\"two\"  data-calculation=\"0\">Engenharia de Alimentos<\/option><option value=\"Engenharia-de-Computa\u00e7\u00e3o\"  data-calculation=\"0\">Engenharia de Computa\u00e7\u00e3o<\/option><option value=\"Engenharia-de-Controle-e-Automa\u00e7\u00e3o\"  data-calculation=\"0\">Engenharia de Controle e Automa\u00e7\u00e3o<\/option><option value=\"Gest\u00e3o-Educacional\"  data-calculation=\"0\">Gest\u00e3o Educacional<\/option><option value=\"Gest\u00e3o-de-Projetos-em-Inova\u00e7\u00e3o-e-Sustentabilidade\"  data-calculation=\"0\">Gest\u00e3o de Projetos em Inova\u00e7\u00e3o e Sustentabilidade<\/option><\/select><\/div><\/div><div id=\"select-4\" class=\"forminator-field-select forminator-col forminator-col-4 \"><div class=\"forminator-field\"><label for=\"forminator-form-77__field--select-4_6a09734c99f26\" id=\"forminator-form-77__field--select-4_6a09734c99f26-label\" class=\"forminator-label\">Per\u00edodo<\/label><select  id=\"forminator-form-77__field--select-4_6a09734c99f26\" class=\"forminator-select--field forminator-select2 forminator-select2-multiple\" data-required=\"\" name=\"select-4\" data-default-value=\"\" data-hidden-behavior=\"zero\" data-placeholder=\"Selecione\" data-search=\"false\" data-search-placeholder=\"Selecione\" data-checkbox=\"false\" data-allow-clear=\"false\" aria-labelledby=\"forminator-form-77__field--select-4_6a09734c99f26-label\"><option value=\"\"  >Selecione<\/option><option value=\"one\"  data-calculation=\"0\">1\u00ba<\/option><option value=\"two\"  data-calculation=\"0\">2\u00ba<\/option><option value=\"3\u00ba\"  data-calculation=\"0\">3\u00ba<\/option><option value=\"4\u00ba\"  data-calculation=\"0\">4\u00ba<\/option><option value=\"5\u00ba\"  data-calculation=\"0\">5\u00ba<\/option><option value=\"6\u00ba\"  data-calculation=\"0\">6\u00ba<\/option><option value=\"7\u00ba\"  data-calculation=\"0\">7\u00ba<\/option><option value=\"8\u00ba\"  data-calculation=\"0\">8\u00ba<\/option><option value=\"9\u00ba\"  data-calculation=\"0\">9\u00ba<\/option><option value=\"10\u00ba\"  data-calculation=\"0\">10\u00ba<\/option><\/select><\/div><\/div><\/div><div class=\"forminator-row forminator-action-buttons\"><div class=\"forminator-col forminator-col-12\"><input type=\"button\" value=\"Adicionar Aluno\" class=\"forminator-repeater-action-button forminator-repeater-add\" \/><input type=\"button\" value=\"Remover Aluno\" class=\"forminator-repeater-action-button forminator-repeater-remove\" \/><\/div><\/div><\/div><\/div><\/div><\/div><input type=\"hidden\" name=\"referer_url\" value=\"\" \/><div class=\"forminator-row forminator-row-last\"><div class=\"forminator-col\"><div class=\"forminator-field\"><button class=\"forminator-button forminator-button-submit\">ENVIAR FICHA RESUMO DO PROJETO<\/button><\/div><\/div><\/div><input type=\"hidden\" id=\"forminator_nonce\" name=\"forminator_nonce\" value=\"b0c780be9d\" \/><input type=\"hidden\" name=\"_wp_http_referer\" value=\"\/extensao\/wp-json\/wp\/v2\/pages\/78\" \/><input type=\"hidden\" name=\"form_id\" value=\"77\"><input type=\"hidden\" name=\"page_id\" value=\"78\"><input type=\"hidden\" name=\"form_type\" value=\"default\"><input type=\"hidden\" name=\"current_url\" value=\"https:\/\/faculdadesalvadorarena.org.br\/extensao\/enviar-projetos\/ficha-resumo\/\"><input type=\"hidden\" name=\"render_id\" value=\"0\"><input type=\"hidden\" name=\"action\" value=\"forminator_submit_form_custom-forms\"><\/form><\/div>\n<\/div>\n<\/div>\n","protected":false},"excerpt":{"rendered":"","protected":false},"author":1,"featured_media":0,"parent":51,"menu_order":0,"comment_status":"closed","ping_status":"closed","template":"","meta":{"_acf_changed":false,"footnotes":""},"class_list":["post-78","page","type-page","status-publish","hentry"],"acf":[],"_links":{"self":[{"href":"https:\/\/faculdadesalvadorarena.org.br\/extensao\/wp-json\/wp\/v2\/pages\/78","targetHints":{"allow":["GET"]}}],"collection":[{"href":"https:\/\/faculdadesalvadorarena.org.br\/extensao\/wp-json\/wp\/v2\/pages"}],"about":[{"href":"https:\/\/faculdadesalvadorarena.org.br\/extensao\/wp-json\/wp\/v2\/types\/page"}],"author":[{"embeddable":true,"href":"https:\/\/faculdadesalvadorarena.org.br\/extensao\/wp-json\/wp\/v2\/users\/1"}],"replies":[{"embeddable":true,"href":"https:\/\/faculdadesalvadorarena.org.br\/extensao\/wp-json\/wp\/v2\/comments?post=78"}],"version-history":[{"count":0,"href":"https:\/\/faculdadesalvadorarena.org.br\/extensao\/wp-json\/wp\/v2\/pages\/78\/revisions"}],"up":[{"embeddable":true,"href":"https:\/\/faculdadesalvadorarena.org.br\/extensao\/wp-json\/wp\/v2\/pages\/51"}],"wp:attachment":[{"href":"https:\/\/faculdadesalvadorarena.org.br\/extensao\/wp-json\/wp\/v2\/media?parent=78"}],"curies":[{"name":"wp","href":"https:\/\/api.w.org\/{rel}","templated":true}]}}